{"id":321,"date":"2020-09-14T08:39:03","date_gmt":"2020-09-14T06:39:03","guid":{"rendered":"http:\/\/windsor.themerex.net\/?page_id=321"},"modified":"2021-01-19T16:37:19","modified_gmt":"2021-01-19T15:37:19","slug":"our-services","status":"publish","type":"page","link":"https:\/\/slonecznepoludnie.pl\/?page_id=321","title":{"rendered":"LOKALIZACJA"},"content":{"rendered":"<p>[vc_row full_width=&#8221;stretch_row&#8221;][vc_column][vc_empty_space alter_height=&#8221;large&#8221; hide_on_mobile=&#8221;&#8221;]<div  id=\"sc_promo_1223762766\" \n\tclass=\"sc_promo sc_promo_default  vc_custom_1600075066431 sc_promo_size_large sc_promo_no_paddings sc_promo_image_position_right\"><div class=\"sc_promo_image\" style=\"background-image:url(https:\/\/slonecznepoludnie.pl\/wp-content\/uploads\/2020\/09\/LOKALIZACJA_kobierzyce.jpg);width:50%;right: 0;\"><\/div><div class=\"sc_promo_text\" style=\"width: 50%;float: left;\">\n\t\t\t<div class=\"sc_promo_text_inner\" style=\"\"><h2 class=\"sc_item_title sc_promo_title sc_align_default sc_item_title_style_default\">GMINA KOBIERZYCE<\/h2><div class=\"sc_item_descr sc_promo_descr sc_align_default\">Inwestycja znajduje si\u0119 na terenie pr\u0119\u017cnie dzia\u0142aj\u0105cej i rozwijaj\u0105cej si\u0119 gminy Kobierzyce, na po\u0142udnie od Wroc\u0142awia, w miejscowo\u015bci Ksi\u0119ginice, zaledwie 3 km od AOW i 6 km do Bielan Wroc\u0142awskich.<br \/>\nNowoczesna, przestronna i doskonale do\u015bwietlona zabudowa jednorodzinna, gwarantuje przysz\u0142ym mieszka\u0144com komfortow\u0105 i zapewniaj\u0105c\u0105 prywatno\u015b\u0107 przestrze\u0144 do \u017cycia. W otoczeniu zieleni, z dala od miejskich arterii. \u201eS\u0142oneczne Po\u0142udnie\u201d tworzy spokojn\u0105 enklaw\u0119, gdzie ma\u0142o zurbanizowana okolica nie ogranicza widoku z okien, pozwalaj\u0105c mieszka\u0144com cieszy\u0107 si\u0119 wschodami i zachodami s\u0142o\u0144ca. Gmina Kobierzyce, jedna z najpr\u0119\u017cniej rozwijaj\u0105cych si\u0119 jednostek samorz\u0105dowych udost\u0119pnia swoim mieszka\u0144com bogat\u0105 infrastruktur\u0119 edukacyjn\u0105, kulturaln\u0105 i sportow\u0105. W niewielkiej odleg\u0142o\u015bci znajduj\u0105 si\u0119: szko\u0142a, punkt przedszkolny, \u017c\u0142obek, przychodnia, si\u0142ownia, stadion sportowy, sklepy, centra handlowe i tereny rekreacyjne.<\/div><\/div>\n\t\t<\/div><!-- \/.sc_promo_text --><\/div><!-- \/.sc_promo -->[vc_empty_space alter_height=&#8221;large&#8221; hide_on_mobile=&#8221;&#8221;][\/vc_column][\/vc_row][vc_row][vc_column width=&#8221;1\/6&#8243; css=&#8221;.vc_custom_1600417742473{padding-bottom: 40px !important;}&#8221;][vc_single_image image=&#8221;1360&#8243; img_size=&#8221;90&#215;90&#8243; alignment=&#8221;center&#8221;][vc_empty_space height=&#8221;10px&#8221; hide_on_mobile=&#8221;&#8221;][vc_custom_heading text=&#8221;AOW&#8221; font_container=&#8221;tag:p|font_size:20px|text_align:center&#8221; google_fonts=&#8221;font_family:Raleway%3A100%2C200%2C300%2Cregular%2C500%2C600%2C700%2C800%2C900|font_style:600%20bold%20regular%3A600%3Anormal&#8221; css=&#8221;.vc_custom_1600415944681{margin-top: 10px !important;}&#8221;][vc_column_text css=&#8221;.vc_custom_1600415970648{margin-top: -20px !important;}&#8221;]<\/p>\n<p style=\"text-align: center;\">3 min \/ 3km<\/p>\n<p>[\/vc_column_text][\/vc_column][vc_column width=&#8221;1\/6&#8243; css=&#8221;.vc_custom_1600417820275{padding-bottom: 40px !important;}&#8221;][vc_single_image image=&#8221;1373&#8243; img_size=&#8221;90&#215;90&#8243; alignment=&#8221;center&#8221;][vc_empty_space height=&#8221;10px&#8221; hide_on_mobile=&#8221;&#8221;][vc_custom_heading text=&#8221;CH Aleja Bielany&#8221; font_container=&#8221;tag:p|font_size:20px|text_align:center&#8221; google_fonts=&#8221;font_family:Raleway%3A100%2C200%2C300%2Cregular%2C500%2C600%2C700%2C800%2C900|font_style:600%20bold%20regular%3A600%3Anormal&#8221; css=&#8221;.vc_custom_1600418041975{margin-top: 10px !important;}&#8221;][vc_column_text css=&#8221;.vc_custom_1600417955332{margin-top: -20px !important;}&#8221;]<\/p>\n<p style=\"text-align: center;\">18 minut<\/p>\n<p>[\/vc_column_text][\/vc_column][vc_column width=&#8221;1\/6&#8243; css=&#8221;.vc_custom_1600417773170{padding-bottom: 40px !important;}&#8221;][vc_single_image image=&#8221;1378&#8243; img_size=&#8221;90&#215;90&#8243; alignment=&#8221;center&#8221;][vc_empty_space height=&#8221;10px&#8221; hide_on_mobile=&#8221;&#8221;][vc_custom_heading text=&#8221;Szpital&#8221; font_container=&#8221;tag:p|font_size:20px|text_align:center&#8221; google_fonts=&#8221;font_family:Raleway%3A100%2C200%2C300%2Cregular%2C500%2C600%2C700%2C800%2C900|font_style:600%20bold%20regular%3A600%3Anormal&#8221; css=&#8221;.vc_custom_1600418070521{margin-top: 10px !important;}&#8221;][vc_column_text css=&#8221;.vc_custom_1600417955332{margin-top: -20px !important;}&#8221;]<\/p>\n<p style=\"text-align: center;\">18 minut<\/p>\n<p>[\/vc_column_text][\/vc_column][vc_column width=&#8221;1\/6&#8243; css=&#8221;.vc_custom_1600417782310{padding-bottom: 40px !important;}&#8221;][vc_single_image image=&#8221;1375&#8243; img_size=&#8221;90&#215;90&#8243; alignment=&#8221;center&#8221;][vc_empty_space height=&#8221;10px&#8221; hide_on_mobile=&#8221;&#8221;][vc_custom_heading text=&#8221;Lotnisko&#8221; font_container=&#8221;tag:p|font_size:20px|text_align:center&#8221; google_fonts=&#8221;font_family:Raleway%3A100%2C200%2C300%2Cregular%2C500%2C600%2C700%2C800%2C900|font_style:600%20bold%20regular%3A600%3Anormal&#8221; css=&#8221;.vc_custom_1600418000364{margin-top: 10px !important;}&#8221;][vc_column_text css=&#8221;.vc_custom_1600418076683{margin-top: -20px !important;}&#8221;]<\/p>\n<p style=\"text-align: center;\">17 minut<\/p>\n<p>[\/vc_column_text][\/vc_column][vc_column width=&#8221;1\/6&#8243; css=&#8221;.vc_custom_1600417792821{padding-bottom: 40px !important;}&#8221;][vc_single_image image=&#8221;1363&#8243; img_size=&#8221;90&#215;90&#8243; alignment=&#8221;center&#8221;][vc_empty_space height=&#8221;10px&#8221; hide_on_mobile=&#8221;&#8221;][vc_custom_heading text=&#8221;Rynek<br \/>\nwe Wroc\u0142awiu&#8221; font_container=&#8221;tag:p|font_size:20px|text_align:center&#8221; google_fonts=&#8221;font_family:Raleway%3A100%2C200%2C300%2Cregular%2C500%2C600%2C700%2C800%2C900|font_style:600%20bold%20regular%3A600%3Anormal&#8221; css=&#8221;.vc_custom_1603916031976{margin-top: 10px !important;}&#8221;][vc_column_text css=&#8221;.vc_custom_1600418127835{margin-top: -20px !important;}&#8221;]<\/p>\n<p style=\"text-align: center;\">18 minut<\/p>\n<p>[\/vc_column_text][\/vc_column][vc_column width=&#8221;1\/6&#8243; css=&#8221;.vc_custom_1600418199873{padding-bottom: 40px !important;}&#8221;][vc_single_image image=&#8221;1376&#8243; img_size=&#8221;90&#215;90&#8243; alignment=&#8221;center&#8221;][vc_empty_space height=&#8221;10px&#8221; hide_on_mobile=&#8221;&#8221;][vc_custom_heading text=&#8221;\u015acie\u017cki rowerowe&#8221; font_container=&#8221;tag:p|font_size:20px|text_align:center&#8221; google_fonts=&#8221;font_family:Raleway%3A100%2C200%2C300%2Cregular%2C500%2C600%2C700%2C800%2C900|font_style:600%20bold%20regular%3A600%3Anormal&#8221; css=&#8221;.vc_custom_1600418153284{margin-top: 10px !important;}&#8221;][vc_column_text css=&#8221;.vc_custom_1600418164126{margin-top: -20px !important;}&#8221;]<\/p>\n<p style=\"text-align: center;\">40km d\u0142ugo\u015bci<\/p>\n<p>[\/vc_column_text][\/vc_column][\/vc_row][vc_row css=&#8221;.vc_custom_1600418216227{padding-top: 50px !important;}&#8221;][vc_column]<div id=\"sc_googlemap_1639881575_wrap\" class=\"sc_googlemap_wrap\"><div id=\"sc_googlemap_1639881575\"\n\t\t\tclass=\"sc_googlemap sc_googlemap_default\"\n\t\t\t style=\"width:100%;height:550px;\"\t\t\tdata-zoom=\"12\"\n\t\t\tdata-style=\"default\"\n\t\t\t><iframe\n\t\t\t\t\tsrc=\"https:\/\/maps.google.com\/maps?t=m&output=embed&iwloc=near&z=12&q=Czere%C5%9Bniowa%2C+Ksi%C4%99ginice\"\n\t\t\t\t\taria-label=\"One\"><\/iframe><\/div><\/div><!-- \/.sc_googlemap_wrap -->[\/vc_column][\/vc_row][vc_row css=&#8221;.vc_custom_1600274232131{padding-top: 60px !important;}&#8221;][vc_column][vc_single_image image=&#8221;1236&#8243; img_size=&#8221;medium&#8221; alignment=&#8221;center&#8221;][vc_custom_heading text=&#8221;Adres inwestycji&#8221; font_container=&#8221;tag:p|font_size:25px|text_align:center&#8221; google_fonts=&#8221;font_family:Raleway%3A100%2C200%2C300%2Cregular%2C500%2C600%2C700%2C800%2C900|font_style:600%20bold%20regular%3A600%3Anormal&#8221; css=&#8221;.vc_custom_1600274087214{margin-top: 40px !important;}&#8221;][vc_custom_heading text=&#8221;Ksi\u0119ginice, ul. Czere\u015bniowa&#8221; font_container=&#8221;tag:p|font_size:17px|text_align:center&#8221; google_fonts=&#8221;font_family:Raleway%3A100%2C200%2C300%2Cregular%2C500%2C600%2C700%2C800%2C900|font_style:600%20bold%20regular%3A600%3Anormal&#8221; css=&#8221;.vc_custom_1600418408012{margin-top: -10px !important;}&#8221;][vc_custom_heading text=&#8221;Gmina Kobierzyce&#8221; font_container=&#8221;tag:p|font_size:17px|text_align:center&#8221; google_fonts=&#8221;font_family:Raleway%3A100%2C200%2C300%2Cregular%2C500%2C600%2C700%2C800%2C900|font_style:600%20bold%20regular%3A600%3Anormal&#8221; css=&#8221;.vc_custom_1600418436832{margin-top: -15px !important;}&#8221;][vc_empty_space height=&#8221;70px&#8221; alter_height=&#8221;none&#8221; hide_on_mobile=&#8221;&#8221;][\/vc_column][\/vc_row]<\/p>\n","protected":false},"excerpt":{"rendered":"<p>[vc_row full_width=&#8221;stretch_row&#8221;][vc_column][vc_empty_space alter_height=&#8221;large&#8221; hide_on_mobile=&#8221;&#8221;][vc_empty_space alter_height=&#8221;large&#8221; hide_on_mobile=&#8221;&#8221;][\/vc_column][\/vc_row][vc_row][vc_column width=&#8221;1\/6&#8243; css=&#8221;.vc_custom_1600417742473{padding-bottom: 40px !important;}&#8221;][vc_single_image image=&#8221;1360&#8243; img_size=&#8221;90&#215;90&#8243; alignment=&#8221;center&#8221;][vc_empty_space height=&#8221;10px&#8221; hide_on_mobile=&#8221;&#8221;][vc_custom_heading text=&#8221;AOW&#8221; font_container=&#8221;tag:p|font_size:20px|text_align:center&#8221; google_fonts=&#8221;font_family:Raleway%3A100%2C200%2C300%2Cregular%2C500%2C600%2C700%2C800%2C900|font_style:600%20bold%20regular%3A600%3Anormal&#8221; css=&#8221;.vc_custom_1600415944681{margin-top: 10px !important;}&#8221;][vc_column_text css=&#8221;.vc_custom_1600415970648{margin-top: -20px !important;}&#8221;] 3 min \/ 3km [\/vc_column_text][\/vc_column][vc_column width=&#8221;1\/6&#8243; css=&#8221;.vc_custom_1600417820275{padding-bottom: 40px !important;}&#8221;][vc_single_image image=&#8221;1373&#8243; img_size=&#8221;90&#215;90&#8243; alignment=&#8221;center&#8221;][vc_empty_space height=&#8221;10px&#8221; hide_on_mobile=&#8221;&#8221;][vc_custom_heading text=&#8221;CH Aleja Bielany&#8221; font_container=&#8221;tag:p|font_size:20px|text_align:center&#8221; google_fonts=&#8221;font_family:Raleway%3A100%2C200%2C300%2Cregular%2C500%2C600%2C700%2C800%2C900|font_style:600%20bold%20regular%3A600%3Anormal&#8221; css=&#8221;.vc_custom_1600418041975{margin-top: 10px !important;}&#8221;][vc_column_text css=&#8221;.vc_custom_1600417955332{margin-top: -20px !important;}&#8221;] 18 minut [\/vc_column_text][\/vc_column][vc_column width=&#8221;1\/6&#8243; css=&#8221;.vc_custom_1600417773170{padding-bottom: 40px !important;}&#8221;][vc_single_image image=&#8221;1378&#8243; img_size=&#8221;90&#215;90&#8243; alignment=&#8221;center&#8221;][vc_empty_space height=&#8221;10px&#8221;&hellip;<\/p>\n","protected":false},"author":1,"featured_media":0,"parent":0,"menu_order":0,"comment_status":"closed","ping_status":"closed","template":"","meta":[],"_links":{"self":[{"href":"https:\/\/slonecznepoludnie.pl\/index.php?rest_route=\/wp\/v2\/pages\/321"}],"collection":[{"href":"https:\/\/slonecznepoludnie.pl\/index.php?rest_route=\/wp\/v2\/pages"}],"about":[{"href":"https:\/\/slonecznepoludnie.pl\/index.php?rest_route=\/wp\/v2\/types\/page"}],"author":[{"embeddable":true,"href":"https:\/\/slonecznepoludnie.pl\/index.php?rest_route=\/wp\/v2\/users\/1"}],"replies":[{"embeddable":true,"href":"https:\/\/slonecznepoludnie.pl\/index.php?rest_route=%2Fwp%2Fv2%2Fcomments&post=321"}],"version-history":[{"count":40,"href":"https:\/\/slonecznepoludnie.pl\/index.php?rest_route=\/wp\/v2\/pages\/321\/revisions"}],"predecessor-version":[{"id":1494,"href":"https:\/\/slonecznepoludnie.pl\/index.php?rest_route=\/wp\/v2\/pages\/321\/revisions\/1494"}],"wp:attachment":[{"href":"https:\/\/slonecznepoludnie.pl\/index.php?rest_route=%2Fwp%2Fv2%2Fmedia&parent=321"}],"curies":[{"name":"wp","href":"https:\/\/api.w.org\/{rel}","templated":true}]}}