{"id":291,"date":"2016-08-03T09:05:54","date_gmt":"2016-08-03T09:05:54","guid":{"rendered":"http:\/\/windsor.themerex.net\/?page_id=291"},"modified":"2020-11-04T22:33:26","modified_gmt":"2020-11-04T21:33:26","slug":"investor-relation","status":"publish","type":"page","link":"https:\/\/slonecznepoludnie.pl\/?page_id=291","title":{"rendered":"DOMY"},"content":{"rendered":"<p>[vc_row][vc_column][vc_empty_space height=&#8221;&#8221; alter_height=&#8221;huge&#8221; hide_on_mobile=&#8221;&#8221;]<div  id=\"sc_promo_411783718\" \n\tclass=\"sc_promo sc_promo_default  vc_custom_1600348770142 sc_promo_size_large sc_promo_no_paddings sc_promo_image_position_right\"><div class=\"sc_promo_image\" style=\"background-image:url(https:\/\/slonecznepoludnie.pl\/wp-content\/uploads\/2020\/09\/Osiedle_ujecie-2_czerwona-cegla_1300px.jpg);width:50%;right: 0;\"><\/div><div class=\"sc_promo_text\" style=\"width: 50%;float: left;\">\n\t\t\t<div class=\"sc_promo_text_inner\" style=\"\"><h2 class=\"sc_item_title sc_promo_title sc_align_default sc_item_title_style_default\">TWOJA PRZESTRZE\u0143<\/h2><div class=\"sc_item_descr sc_promo_descr sc_align_default\">Architektura budynk\u00f3w i zr\u00f3\u017cnicowane rozwi\u0105zania funkcjonalne, dost\u0119pne w kilku opcjach, pozwalaj\u0105 mieszka\u0144com indywidualnie kszta\u0142towa\u0107 przestrze\u0144 \u017cyciow\u0105. W standardowej ofercie gwarantujemy dost\u0119p do systemu domu inteligentnego BMS (Building Management System), jak r\u00f3wnie\u017c mo\u017cliwo\u015b\u0107 indywidualnego dostosowania go do potrzeb Klienta.<\/div><\/div>\n\t\t<\/div><!-- \/.sc_promo_text --><\/div><!-- \/.sc_promo -->[vc_empty_space height=&#8221;&#8221; alter_height=&#8221;huge&#8221; hide_on_mobile=&#8221;&#8221;][\/vc_column][\/vc_row][vc_row full_width=&#8221;stretch_row_content&#8221; gap=&#8221;35&#8243; css=&#8221;.vc_custom_1603100540694{margin-right: 350px !important;margin-left: 350px !important;}&#8221;][vc_column][vc_single_image image=&#8221;1448&#8243; img_size=&#8221;full&#8221; alignment=&#8221;center&#8221; css=&#8221;.vc_custom_1603917404316{margin-right: 180px !important;margin-left: 180px !important;}&#8221;][\/vc_column][\/vc_row][vc_row][vc_column][vc_custom_heading text=&#8221;Pobierz PZT &gt;&#8221; font_container=&#8221;tag:div|font_size:15px|text_align:right&#8221; google_fonts=&#8221;font_family:Raleway%3A100%2C200%2C300%2Cregular%2C500%2C600%2C700%2C800%2C900|font_style:600%20bold%20regular%3A600%3Anormal&#8221; link=&#8221;url:%2Fwp-content%2F2020_10_dokumenty%2FSLONECZNE_POLUDNIE_pzt.pdf|||&#8221;][vc_custom_heading text=&#8221;Pobierz Standard &gt;&#8221; font_container=&#8221;tag:div|font_size:15px|text_align:right&#8221; google_fonts=&#8221;font_family:Raleway%3A100%2C200%2C300%2Cregular%2C500%2C600%2C700%2C800%2C900|font_style:600%20bold%20regular%3A600%3Anormal&#8221; link=&#8221;url:%2Fwp-content%2F2020_10_dokumenty%2FSLONECZNE_POLUDNIE_standard.pdf|||&#8221;][\/vc_column][\/vc_row][vc_row css=&#8221;.vc_custom_1600268204155{margin-top: 60px !important;margin-bottom: 100px !important;}&#8221;][vc_column][vc_custom_heading text=&#8221;Lista lokali&#8221; font_container=&#8221;tag:h2|font_size:20px|text_align:center&#8221; google_fonts=&#8221;font_family:Raleway%3A100%2C200%2C300%2Cregular%2C500%2C600%2C700%2C800%2C900|font_style:500%20bold%20regular%3A500%3Anormal&#8221;][vc_column_text]<div class=\"only-desktop house-table-wrapper\"><table class=\"table table-responsive\"><thead><tr align=\"center\">\n\t<td><b>Numer<\/b><\/td>\n\t<td><b>Cena\/status<\/b><\/td>\n\t<td><b>Metra\u017c<\/b><\/td>\n\t<td><\/td>\n\t<td><\/td>\n\t<\/tr><\/thead>\n\t<tbody><tr><td><span class=\"table-field subname\">1<\/span><\/td><td><span class=\"price price-red\">SPRZEDANE<\/span><\/td><td><span class=\"area\">169.69 m<sup>2<\/sup><\/span><\/td><td class=\"localization-col\"><img class=\"position-image\" src=\"https:\/\/slonecznepoludnie.pl\/wp-content\/themes\/windsor\/images\/A2.svg\" \/><\/td><td><a style=\"color:#002750;    font-family: Roboto, sans-serif; font-weight: 500;\" href=\"https:\/\/slonecznepoludnie.pl\/wp-content\/uploads\/2020\/09\/SP_karta_lokal1.pdf\">Pobierz&nbsp;&nbsp;<img width=\"14\" src=\"https:\/\/slonecznepoludnie.pl\/wp-content\/themes\/windsor\/images\/download.svg\" \/><\/a><\/td><\/tr><tr><td><span class=\"table-field subname\">2<\/span><\/td><td><span class=\"price price-red\">SPRZEDANE<\/span><\/td><td><span class=\"area\">169.49 m<sup>2<\/sup><\/span><\/td><td class=\"localization-col\"><img class=\"position-image\" src=\"https:\/\/slonecznepoludnie.pl\/wp-content\/themes\/windsor\/images\/A1.svg\" \/><\/td><td><a style=\"color:#002750;    font-family: Roboto, sans-serif; font-weight: 500;\" href=\"https:\/\/slonecznepoludnie.pl\/wp-content\/uploads\/2020\/09\/SP_karta_lokal2.pdf\">Pobierz&nbsp;&nbsp;<img width=\"14\" src=\"https:\/\/slonecznepoludnie.pl\/wp-content\/themes\/windsor\/images\/download.svg\" \/><\/a><\/td><\/tr><tr><td><span class=\"table-field subname\">3<\/span><\/td><td><span class=\"price price-red\">SPRZEDANE<\/span><\/td><td><span class=\"area\">169.58 m<sup>2<\/sup><\/span><\/td><td class=\"localization-col\"><img class=\"position-image\" src=\"https:\/\/slonecznepoludnie.pl\/wp-content\/themes\/windsor\/images\/B2.svg\" \/><\/td><td><a style=\"color:#002750;    font-family: Roboto, sans-serif; font-weight: 500;\" href=\"https:\/\/slonecznepoludnie.pl\/wp-content\/uploads\/2020\/09\/SP_karta_lokal3.pdf\">Pobierz&nbsp;&nbsp;<img width=\"14\" src=\"https:\/\/slonecznepoludnie.pl\/wp-content\/themes\/windsor\/images\/download.svg\" \/><\/a><\/td><\/tr><tr><td><span class=\"table-field subname\">4<\/span><\/td><td><span class=\"price price-red\">SPRZEDANE<\/span><\/td><td><span class=\"area\">169.48 m<sup>2<\/sup><\/span><\/td><td class=\"localization-col\"><img class=\"position-image\" src=\"https:\/\/slonecznepoludnie.pl\/wp-content\/themes\/windsor\/images\/B1.svg\" \/><\/td><td><a style=\"color:#002750;    font-family: Roboto, sans-serif; font-weight: 500;\" href=\"https:\/\/slonecznepoludnie.pl\/wp-content\/uploads\/2020\/09\/SP_karta_lokal4.pdf\">Pobierz&nbsp;&nbsp;<img width=\"14\" src=\"https:\/\/slonecznepoludnie.pl\/wp-content\/themes\/windsor\/images\/download.svg\" \/><\/a><\/td><\/tr><tr><td><span class=\"table-field subname\">5<\/span><\/td><td><span class=\"price price-red\">SPRZEDANE<\/span><\/td><td><span class=\"area\">169.69 m<sup>2<\/sup><\/span><\/td><td class=\"localization-col\"><img class=\"position-image\" src=\"https:\/\/slonecznepoludnie.pl\/wp-content\/themes\/windsor\/images\/A2.svg\" \/><\/td><td><a style=\"color:#002750;    font-family: Roboto, sans-serif; font-weight: 500;\" href=\"https:\/\/slonecznepoludnie.pl\/wp-content\/uploads\/2020\/09\/ETAP-II-L5.pdf\">Pobierz&nbsp;&nbsp;<img width=\"14\" src=\"https:\/\/slonecznepoludnie.pl\/wp-content\/themes\/windsor\/images\/download.svg\" \/><\/a><\/td><\/tr><tr><td><span class=\"table-field subname\">6<\/span><\/td><td><span class=\"price price-red\">SPRZEDANE<\/span><\/td><td><span class=\"area\">169.49 m<sup>2<\/sup><\/span><\/td><td class=\"localization-col\"><img class=\"position-image\" src=\"https:\/\/slonecznepoludnie.pl\/wp-content\/themes\/windsor\/images\/A1.svg\" \/><\/td><td><a style=\"color:#002750;    font-family: Roboto, sans-serif; font-weight: 500;\" href=\"https:\/\/slonecznepoludnie.pl\/wp-content\/uploads\/2020\/09\/ETAP-II-L6.pdf\">Pobierz&nbsp;&nbsp;<img width=\"14\" src=\"https:\/\/slonecznepoludnie.pl\/wp-content\/themes\/windsor\/images\/download.svg\" \/><\/a><\/td><\/tr><tr><td><span class=\"table-field subname\">7<\/span><\/td><td><span class=\"price price-red\">SPRZEDANE<\/span><\/td><td><span class=\"area\">169.58 m<sup>2<\/sup><\/span><\/td><td class=\"localization-col\"><img class=\"position-image\" src=\"https:\/\/slonecznepoludnie.pl\/wp-content\/themes\/windsor\/images\/B2.svg\" \/><\/td><td><a style=\"color:#002750;    font-family: Roboto, sans-serif; font-weight: 500;\" href=\"https:\/\/slonecznepoludnie.pl\/wp-content\/uploads\/2020\/09\/ETAP-II-L7.pdf\">Pobierz&nbsp;&nbsp;<img width=\"14\" src=\"https:\/\/slonecznepoludnie.pl\/wp-content\/themes\/windsor\/images\/download.svg\" \/><\/a><\/td><\/tr><tr><td><span class=\"table-field subname\">8<\/span><\/td><td><span class=\"price price-red\">SPRZEDANE<\/span><\/td><td><span class=\"area\">169.48 m<sup>2<\/sup><\/span><\/td><td class=\"localization-col\"><img class=\"position-image\" src=\"https:\/\/slonecznepoludnie.pl\/wp-content\/themes\/windsor\/images\/B1.svg\" \/><\/td><td><a style=\"color:#002750;    font-family: Roboto, sans-serif; font-weight: 500;\" href=\"https:\/\/slonecznepoludnie.pl\/wp-content\/uploads\/2020\/09\/ETAP-II-L8.pdf\">Pobierz&nbsp;&nbsp;<img width=\"14\" src=\"https:\/\/slonecznepoludnie.pl\/wp-content\/themes\/windsor\/images\/download.svg\" \/><\/a><\/td><\/tr><tr><td><span class=\"table-field subname\">9<\/span><\/td><td><span class=\"price price-red\">SPRZEDANE<\/span><\/td><td><span class=\"area\">169.69 m<sup>2<\/sup><\/span><\/td><td class=\"localization-col\"><img class=\"position-image\" src=\"https:\/\/slonecznepoludnie.pl\/wp-content\/themes\/windsor\/images\/A2.svg\" \/><\/td><td><a style=\"color:#002750;    font-family: Roboto, sans-serif; font-weight: 500;\" href=\"https:\/\/slonecznepoludnie.pl\/wp-content\/uploads\/2020\/09\/ETAP-III-L9.pdf\">Pobierz&nbsp;&nbsp;<img width=\"14\" src=\"https:\/\/slonecznepoludnie.pl\/wp-content\/themes\/windsor\/images\/download.svg\" \/><\/a><\/td><\/tr><tr><td><span class=\"table-field subname\">10<\/span><\/td><td><span class=\"price price-red\">SPRZEDANE<\/span><\/td><td><span class=\"area\">169.49 m<sup>2<\/sup><\/span><\/td><td class=\"localization-col\"><img class=\"position-image\" src=\"https:\/\/slonecznepoludnie.pl\/wp-content\/themes\/windsor\/images\/A1.svg\" \/><\/td><td><a style=\"color:#002750;    font-family: Roboto, sans-serif; font-weight: 500;\" href=\"https:\/\/slonecznepoludnie.pl\/wp-content\/uploads\/2020\/09\/ETAP-III-L10.pdf\">Pobierz&nbsp;&nbsp;<img width=\"14\" src=\"https:\/\/slonecznepoludnie.pl\/wp-content\/themes\/windsor\/images\/download.svg\" \/><\/a><\/td><\/tr><tr><td><span class=\"table-field subname\">11<\/span><\/td><td><span class=\"price price-red\">SPRZEDANE<\/span><\/td><td><span class=\"area\">169.58 m<sup>2<\/sup><\/span><\/td><td class=\"localization-col\"><img class=\"position-image\" src=\"https:\/\/slonecznepoludnie.pl\/wp-content\/themes\/windsor\/images\/B2.svg\" \/><\/td><td><a style=\"color:#002750;    font-family: Roboto, sans-serif; font-weight: 500;\" href=\"https:\/\/slonecznepoludnie.pl\/wp-content\/uploads\/2020\/09\/ETAP-III-L11.pdf\">Pobierz&nbsp;&nbsp;<img width=\"14\" src=\"https:\/\/slonecznepoludnie.pl\/wp-content\/themes\/windsor\/images\/download.svg\" \/><\/a><\/td><\/tr><tr><td><span class=\"table-field subname\">12<\/span><\/td><td><span class=\"price price-red\">SPRZEDANE<\/span><\/td><td><span class=\"area\">169.48 m<sup>2<\/sup><\/span><\/td><td class=\"localization-col\"><img class=\"position-image\" src=\"https:\/\/slonecznepoludnie.pl\/wp-content\/themes\/windsor\/images\/B1.svg\" \/><\/td><td><a style=\"color:#002750;    font-family: Roboto, sans-serif; font-weight: 500;\" href=\"https:\/\/slonecznepoludnie.pl\/wp-content\/uploads\/2020\/09\/ETAP-III-L12.pdf\">Pobierz&nbsp;&nbsp;<img width=\"14\" src=\"https:\/\/slonecznepoludnie.pl\/wp-content\/themes\/windsor\/images\/download.svg\" \/><\/a><\/td><\/tr><\/tbody>\n\t<\/table><\/div><div class=\"only-mobile\"><table class=\"table table-responsive\">\n  <tbody><\/tbody>\n\t<\/table><\/div>[\/vc_column_text][\/vc_column][\/vc_row]<\/p>\n","protected":false},"excerpt":{"rendered":"<p>[vc_row][vc_column][vc_empty_space height=&#8221;&#8221; alter_height=&#8221;huge&#8221; hide_on_mobile=&#8221;&#8221;][vc_empty_space height=&#8221;&#8221; alter_height=&#8221;huge&#8221; hide_on_mobile=&#8221;&#8221;][\/vc_column][\/vc_row][vc_row full_width=&#8221;stretch_row_content&#8221; gap=&#8221;35&#8243; css=&#8221;.vc_custom_1603100540694{margin-right: 350px !important;margin-left: 350px !important;}&#8221;][vc_column][vc_single_image image=&#8221;1448&#8243; img_size=&#8221;full&#8221; alignment=&#8221;center&#8221; css=&#8221;.vc_custom_1603917404316{margin-right: 180px !important;margin-left: 180px !important;}&#8221;][\/vc_column][\/vc_row][vc_row][vc_column][vc_custom_heading text=&#8221;Pobierz PZT &gt;&#8221; font_container=&#8221;tag:div|font_size:15px|text_align:right&#8221; google_fonts=&#8221;font_family:Raleway%3A100%2C200%2C300%2Cregular%2C500%2C600%2C700%2C800%2C900|font_style:600%20bold%20regular%3A600%3Anormal&#8221; link=&#8221;url:%2Fwp-content%2F2020_10_dokumenty%2FSLONECZNE_POLUDNIE_pzt.pdf|||&#8221;][vc_custom_heading text=&#8221;Pobierz Standard &gt;&#8221; font_container=&#8221;tag:div|font_size:15px|text_align:right&#8221; google_fonts=&#8221;font_family:Raleway%3A100%2C200%2C300%2Cregular%2C500%2C600%2C700%2C800%2C900|font_style:600%20bold%20regular%3A600%3Anormal&#8221; link=&#8221;url:%2Fwp-content%2F2020_10_dokumenty%2FSLONECZNE_POLUDNIE_standard.pdf|||&#8221;][\/vc_column][\/vc_row][vc_row css=&#8221;.vc_custom_1600268204155{margin-top: 60px !important;margin-bottom: 100px !important;}&#8221;][vc_column][vc_custom_heading text=&#8221;Lista lokali&#8221; font_container=&#8221;tag:h2|font_size:20px|text_align:center&#8221; google_fonts=&#8221;font_family:Raleway%3A100%2C200%2C300%2Cregular%2C500%2C600%2C700%2C800%2C900|font_style:500%20bold%20regular%3A500%3Anormal&#8221;][vc_column_text][\/vc_column_text][\/vc_column][\/vc_row]<\/p>\n","protected":false},"author":1,"featured_media":0,"parent":0,"menu_order":0,"comment_status":"closed","ping_status":"closed","template":"","meta":[],"_links":{"self":[{"href":"https:\/\/slonecznepoludnie.pl\/index.php?rest_route=\/wp\/v2\/pages\/291"}],"collection":[{"href":"https:\/\/slonecznepoludnie.pl\/index.php?rest_route=\/wp\/v2\/pages"}],"about":[{"href":"https:\/\/slonecznepoludnie.pl\/index.php?rest_route=\/wp\/v2\/types\/page"}],"author":[{"embeddable":true,"href":"https:\/\/slonecznepoludnie.pl\/index.php?rest_route=\/wp\/v2\/users\/1"}],"replies":[{"embeddable":true,"href":"https:\/\/slonecznepoludnie.pl\/index.php?rest_route=%2Fwp%2Fv2%2Fcomments&post=291"}],"version-history":[{"count":20,"href":"https:\/\/slonecznepoludnie.pl\/index.php?rest_route=\/wp\/v2\/pages\/291\/revisions"}],"predecessor-version":[{"id":1459,"href":"https:\/\/slonecznepoludnie.pl\/index.php?rest_route=\/wp\/v2\/pages\/291\/revisions\/1459"}],"wp:attachment":[{"href":"https:\/\/slonecznepoludnie.pl\/index.php?rest_route=%2Fwp%2Fv2%2Fmedia&parent=291"}],"curies":[{"name":"wp","href":"https:\/\/api.w.org\/{rel}","templated":true}]}}