{"id":253,"date":"2016-08-02T09:18:40","date_gmt":"2016-08-02T09:18:40","guid":{"rendered":"http:\/\/windsor.themerex.net\/?page_id=253"},"modified":"2020-11-09T10:52:55","modified_gmt":"2020-11-09T09:52:55","slug":"contacts","status":"publish","type":"page","link":"https:\/\/slonecznepoludnie.pl\/?page_id=253","title":{"rendered":"Kontakt"},"content":{"rendered":"<p>[vc_row css=&#8221;.vc_custom_1600282929502{padding-top: 100px !important;}&#8221;][vc_column width=&#8221;1\/4&#8243; css=&#8221;.vc_custom_1600418532308{padding-top: 30px !important;}&#8221;][vc_single_image image=&#8221;1301&#8243; img_size=&#8221;200&#215;260&#8243; alignment=&#8221;center&#8221;][\/vc_column][vc_column width=&#8221;3\/4&#8243; css=&#8221;.vc_custom_1600276855761{margin-left: 20px !important;}&#8221;][vc_custom_heading text=&#8221;Kim jeste\u015bmy?&#8221; font_container=&#8221;tag:p|font_size:20px|text_align:left&#8221; google_fonts=&#8221;font_family:Raleway%3A100%2C200%2C300%2Cregular%2C500%2C600%2C700%2C800%2C900|font_style:600%20bold%20regular%3A600%3Anormal&#8221;][vc_column_text css=&#8221;.vc_custom_1600276487791{margin-top: -20px !important;}&#8221;]Jeste\u015bmy przedsi\u0119biorstwem budowlanym specjalizuj\u0105cym si\u0119 w budownictwie przemys\u0142owym i komercyjnym.\u00a0Opieraj\u0105c si\u0119 na do\u015bwiadczeniu i kompetentnym zespole, ju\u017c od 10 lat realizujemy najbardziej ambitne i wymagaj\u0105ce projekty, oparte na najwy\u017cszych standardach i najnowszych technologiach.\u00a0Jako\u015b\u0107 oraz terminowo\u015b\u0107 realizowanych przez nas inwestycji jest kluczowym elementem procesu tworzenia cenionej marki na rynku us\u0142ug budowlanych, marki kt\u00f3r\u0105 tworzy sp\u00f3\u0142ka UNIBLOK.[\/vc_column_text][vc_custom_heading text=&#8221;W czym jeste\u015bmy najlepsi?&#8221; font_container=&#8221;tag:p|font_size:20px|text_align:left&#8221; google_fonts=&#8221;font_family:Raleway%3A100%2C200%2C300%2Cregular%2C500%2C600%2C700%2C800%2C900|font_style:600%20bold%20regular%3A600%3Anormal&#8221; css=&#8221;.vc_custom_1600276576611{padding-top: 30px !important;}&#8221;][vc_column_text css=&#8221;.vc_custom_1600276563344{margin-top: -20px !important;}&#8221;]Zakres naszej dzia\u0142alno\u015bci obejmuje wszystkie etapy realizacji inwestycji, pocz\u0105wszy od projektu, poprzez wykonanie rob\u00f3t budowlanych, nadz\u00f3r, do momentu odbioru obiektu przez Inwestora.\u00a0G\u0142\u00f3wne obszary naszej dzia\u0142alno\u015bci to obiekty przemys\u0142owe: hale i budynki magazynowe, produkcyjne, logistyczne. Specjalizujemy si\u0119 w popularnym systemie zarz\u0105dzania projektem BTS oraz Design&amp;Build, w kt\u00f3rym Inwestor decyduje o ka\u017cdym aspekcie projektu, pocz\u0105wszy od lokalizacji po niestandardowe rozwi\u0105zania architektoniczne.[\/vc_column_text][vc_column_text css=&#8221;.vc_custom_1600278304193{margin-top: 30px !important;padding-top: 30px !important;}&#8221;]Wi\u0119cej na <a href=\"https:\/\/uniblok.pl\">www.uniblok.pl<\/a>[\/vc_column_text][\/vc_column][\/vc_row][vc_row full_width=&#8221;stretch_row&#8221; css=&#8221;.vc_custom_1600276880640{background-position: center !important;background-repeat: no-repeat !important;background-size: cover !important;}&#8221;][vc_column width=&#8221;1\/6&#8243;][\/vc_column][vc_column width=&#8221;2\/3&#8243;][vc_empty_space height=&#8221;&#8221; alter_height=&#8221;huge&#8221; hide_on_mobile=&#8221;&#8221;]<div id=\"sc_icons_572092935\" \n\tclass=\"sc_icons sc_icons_default sc_icons_size_small sc_align_center\"><div class=\"sc_icons_columns sc_item_columns trx_addons_columns_wrap columns_padding_bottom\"><div class=\"trx_addons_column-1_3\"><div class=\"sc_icons_item\"><div id=\"sc_icons_572092935_icon-location-light\" class=\"sc_icons_icon sc_icon_type_fontawesome icon-location-light\"\n\t\t\t\t\t\t\t\t\t\t\t\t><span class=\"sc_icon_type_fontawesome icon-location-light\"><\/span><\/div><h4 class=\"sc_icons_title\"><span>Biuro dewelopera<\/span><\/h4><div class=\"sc_icons_description\"><span>biuro@uniblok.pl<\/span><span>+48 71 726 00 05<\/span><\/div><\/div><\/div><div class=\"trx_addons_column-1_3\"><div class=\"sc_icons_item\"><div id=\"sc_icons_572092935_icon-pencil\" class=\"sc_icons_icon sc_icon_type_fontawesome icon-pencil\"\n\t\t\t\t\t\t\t\t\t\t\t\t><span class=\"sc_icon_type_fontawesome icon-pencil\"><\/span><\/div><h4 class=\"sc_icons_title\"><span>Dane rejestrowe<\/span><\/h4><div class=\"sc_icons_description\"><span>Uniblok Sp. z o.o. Sp. k.<\/span><span>Na Grobli 6, 50-421 Wroc\u0142aw<\/span><span>REGON:\t367971682<\/span><span>NIP:\t8992825209<\/span><span>KRS: 0000690049<\/span><\/div><\/div><\/div><div class=\"trx_addons_column-1_3\"><div class=\"sc_icons_item\"><div id=\"sc_icons_572092935_icon-paper-plane-light\" class=\"sc_icons_icon sc_icon_type_fontawesome icon-paper-plane-light\"\n\t\t\t\t\t\t\t\t\t\t\t\t><span class=\"sc_icon_type_fontawesome icon-paper-plane-light\"><\/span><\/div><h4 class=\"sc_icons_title\"><span>Biuro sprzeda\u017cy<\/span><\/h4><div class=\"sc_icons_description\"><span>sprzedaz@slonecznepoludnie.pl<\/span><span><\/span><span>Adam Nikodem<\/span><span>+48 609 397 616<\/span><span><\/span><span>Marcin Buczak<\/span><span>+48 609 397 303<\/span><\/div><\/div><\/div><\/div><\/div><!-- \/.sc_icons -->[vc_empty_space height=&#8221;&#8221; alter_height=&#8221;large&#8221; hide_on_mobile=&#8221;&#8221;][\/vc_column][vc_column width=&#8221;1\/6&#8243;][\/vc_column][\/vc_row][vc_row full_width=&#8221;stretch_row_content_no_spaces&#8221;][vc_column]<div id=\"sc_googlemap_1044272517_wrap\" class=\"sc_googlemap_wrap\"><div id=\"sc_googlemap_1044272517\"\n\t\t\tclass=\"sc_googlemap sc_googlemap_default\"\n\t\t\t style=\"width:100%;height:38em;\"\t\t\tdata-zoom=\"16\"\n\t\t\tdata-style=\"dark\"\n\t\t\t><iframe\n\t\t\t\t\tsrc=\"https:\/\/maps.google.com\/maps?t=m&output=embed&iwloc=near&z=16&q=Na+Grobli+6%2C+50-421+Wroc%C5%82aw\"\n\t\t\t\t\taria-label=\"Windsor Appartments\"><\/iframe><\/div><\/div><!-- \/.sc_googlemap_wrap -->[\/vc_column][\/vc_row]<\/p>\n","protected":false},"excerpt":{"rendered":"<p>[vc_row css=&#8221;.vc_custom_1600282929502{padding-top: 100px !important;}&#8221;][vc_column width=&#8221;1\/4&#8243; css=&#8221;.vc_custom_1600418532308{padding-top: 30px !important;}&#8221;][vc_single_image image=&#8221;1301&#8243; img_size=&#8221;200&#215;260&#8243; alignment=&#8221;center&#8221;][\/vc_column][vc_column width=&#8221;3\/4&#8243; css=&#8221;.vc_custom_1600276855761{margin-left: 20px !important;}&#8221;][vc_custom_heading text=&#8221;Kim jeste\u015bmy?&#8221; font_container=&#8221;tag:p|font_size:20px|text_align:left&#8221; google_fonts=&#8221;font_family:Raleway%3A100%2C200%2C300%2Cregular%2C500%2C600%2C700%2C800%2C900|font_style:600%20bold%20regular%3A600%3Anormal&#8221;][vc_column_text css=&#8221;.vc_custom_1600276487791{margin-top: -20px !important;}&#8221;]Jeste\u015bmy przedsi\u0119biorstwem budowlanym specjalizuj\u0105cym si\u0119 w budownictwie przemys\u0142owym i komercyjnym.\u00a0Opieraj\u0105c si\u0119 na do\u015bwiadczeniu i kompetentnym zespole, ju\u017c od 10 lat realizujemy najbardziej ambitne i wymagaj\u0105ce projekty, oparte na najwy\u017cszych standardach i najnowszych technologiach.\u00a0Jako\u015b\u0107 oraz terminowo\u015b\u0107 realizowanych przez nas inwestycji&hellip;<\/p>\n","protected":false},"author":1,"featured_media":0,"parent":0,"menu_order":0,"comment_status":"closed","ping_status":"closed","template":"","meta":[],"_links":{"self":[{"href":"https:\/\/slonecznepoludnie.pl\/index.php?rest_route=\/wp\/v2\/pages\/253"}],"collection":[{"href":"https:\/\/slonecznepoludnie.pl\/index.php?rest_route=\/wp\/v2\/pages"}],"about":[{"href":"https:\/\/slonecznepoludnie.pl\/index.php?rest_route=\/wp\/v2\/types\/page"}],"author":[{"embeddable":true,"href":"https:\/\/slonecznepoludnie.pl\/index.php?rest_route=\/wp\/v2\/users\/1"}],"replies":[{"embeddable":true,"href":"https:\/\/slonecznepoludnie.pl\/index.php?rest_route=%2Fwp%2Fv2%2Fcomments&post=253"}],"version-history":[{"count":8,"href":"https:\/\/slonecznepoludnie.pl\/index.php?rest_route=\/wp\/v2\/pages\/253\/revisions"}],"predecessor-version":[{"id":1382,"href":"https:\/\/slonecznepoludnie.pl\/index.php?rest_route=\/wp\/v2\/pages\/253\/revisions\/1382"}],"wp:attachment":[{"href":"https:\/\/slonecznepoludnie.pl\/index.php?rest_route=%2Fwp%2Fv2%2Fmedia&parent=253"}],"curies":[{"name":"wp","href":"https:\/\/api.w.org\/{rel}","templated":true}]}}