{"id":10,"date":"2016-07-22T12:57:44","date_gmt":"2016-07-22T12:57:44","guid":{"rendered":"http:\/\/windsor.themerex.net\/?page_id=10"},"modified":"2021-08-04T11:46:04","modified_gmt":"2021-08-04T09:46:04","slug":"home","status":"publish","type":"page","link":"https:\/\/slonecznepoludnie.pl\/","title":{"rendered":"Home"},"content":{"rendered":"<p>[vc_row full_height=&#8221;yes&#8221;][vc_column]<a id=\"sc_anchor_o_inwestycji\" class=\"sc_anchor sc_anchor_default\" \n\t\ttitle=\"O INWESTYCJI\" \n\t\tdata-icon=\"icon-note-2\" \n\t\tdata-url=\"\"\n><\/a><div  id=\"sc_promo_608403011\" \n\tclass=\"sc_promo sc_promo_default  vc_custom_1603106223727 sc_promo_size_large sc_promo_no_paddings sc_promo_image_position_right\"><div class=\"sc_promo_image\" style=\"background-image:url(https:\/\/slonecznepoludnie.pl\/wp-content\/uploads\/2020\/09\/Osiedle_ujecie-2_czerwona-cegla.jpg);width:61%;right: 0;\"><\/div><div class=\"sc_promo_text\" style=\"width: 39%;float: left;\">\n\t\t\t<div class=\"sc_promo_text_inner sc_align_left\" style=\"\"><h2 class=\"sc_item_title sc_promo_title sc_align_default sc_item_title_style_default\">Domy z technologi\u0105<\/h2><div class=\"sc_item_descr sc_promo_descr sc_align_default\">\u201eS\u0142oneczne Po\u0142udnie\u201d to kameralna inwestycja o niebanalnej architekturze i zaawansowanych technologicznie rozwi\u0105zaniach. Ka\u017cdy z 12 dwukondygnacyjnych dom\u00f3w w zabudowie bli\u017aniaczej, oferuje oko\u0142o 170 m\u00b2 komfortowej powierzchni u\u017cytkowej, wraz z przynale\u017cn\u0105 dzia\u0142k\u0105 o powierzchni oko\u0142o 375 m\u00b2. Zastosowana technologia gwarantuje mieszka\u0144com oszcz\u0119dno\u015b\u0107 eksploatacji dom\u00f3w poprzez wprowadzenie odnawialnych \u017ar\u00f3de\u0142 energii, z kolei maksymalny komfort u\u017cytkowania mo\u017cliwy jest dzi\u0119ki dost\u0119powi do systemu domu inteligentnego i optymalnej lokalizacji w podmiejskiej, zielonej strefie.<\/div><\/div>\n\t\t<\/div><!-- \/.sc_promo_text --><\/div><!-- \/.sc_promo -->[vc_empty_space height=&#8221;&#8221; alter_height=&#8221;small&#8221; hide_on_mobile=&#8221;&#8221;]<div class=\"sc_item_button sc_button_wrap sc_align_left\"><a href=\"https:\/\/slonecznepoludnie.pl\/?page_id=266\"\n\t id=\"sc_button_1522714345\" \n\tclass=\"sc_button sc_button_default sc_button_size_small sc_button_icon_left\"\n\t\t><span class=\"sc_button_text sc_align_center\"><span class=\"sc_button_title\">WI\u0118CEJ &gt;<\/span><\/span><!-- \/.sc_button_text --><\/a><!-- \/.sc_button --><\/div><!-- \/.sc_item_button -->[vc_empty_space height=&#8221;&#8221; alter_height=&#8221;large&#8221; hide_on_mobile=&#8221;&#8221;][\/vc_column][\/vc_row][vc_row full_width=&#8221;stretch_row&#8221; full_height=&#8221;yes&#8221; css=&#8221;.vc_custom_1600284506002{background-image: url(https:\/\/slonecznepoludnie.pl\/wp-content\/uploads\/2020\/09\/HOME_TECHNOLOGIA.jpg?id=1154) !important;background-position: center !important;background-repeat: no-repeat !important;background-size: cover !important;}&#8221;][vc_column width=&#8221;2\/3&#8243;]<a id=\"sc_anchor_technologie\" class=\"sc_anchor sc_anchor_default\" \n\t\ttitle=\"Technologie\" \n\t\tdata-icon=\"icon-tablet-1\" \n\t\tdata-url=\"\"\n><\/a>[vc_empty_space height=&#8221;&#8221; alter_height=&#8221;large&#8221; hide_on_mobile=&#8221;&#8221;]<div id=\"sc_content_262327809\"\n\t\tclass=\"scheme_dark sc_content sc_content_default\"><h3 class=\"sc_item_title sc_content_title sc_align_default sc_item_title_style_default\">DOMY Z TECHNOLOGIA DLA WYMAGAJ\u0104CYCH<\/h3><div class=\"sc_content_container\"><\/div><\/div><!-- \/.sc_content -->[vc_empty_space height=&#8221;&#8221; alter_height=&#8221;small&#8221; hide_on_mobile=&#8221;&#8221;][vc_row_inner][vc_column_inner width=&#8221;5\/6&#8243;]<div class=\"sc_services sc_services_iconed\" data-slides-per-view=\"3\" data-slides-min-width=\"250\"\t\t>\n\t\t<div class=\"sc_services_columns sc_item_columns trx_addons_columns_wrap columns_padding_bottom\"><div class=\"trx_addons_column-1_3 \"><div class=\"sc_services_item without_content with_icon sc_services_item_featured_top\">\n\t<div class=\"sc_services_item_header\">\n\t\t<a href=\"https:\/\/slonecznepoludnie.pl\/?page_id=266\"\n\t\t\t\t id=\"sc_services_1364570957_icon-floor\"\n\t\t\t\t class=\"sc_services_item_icon icon-floor\"\n\t\t\t\t ><\/a>\t\n\t\t<h6 class=\"sc_services_item_title\"><a href=\"https:\/\/slonecznepoludnie.pl\/?page_id=266\">Dzia\u0142ka <br>oko\u0142o 375 m\u00b2<\/a><\/h6>\n\t\t<div class=\"sc_services_item_subtitle\"><\/div>\n\t<\/div>\n\t<\/div>\n<\/div><div class=\"trx_addons_column-1_3 \"><div class=\"sc_services_item without_content with_icon sc_services_item_featured_top\">\n\t<div class=\"sc_services_item_header\">\n\t\t<a href=\"https:\/\/slonecznepoludnie.pl\/?page_id=266\"\n\t\t\t\t id=\"sc_services_1364570957_icon-home-2\"\n\t\t\t\t class=\"sc_services_item_icon icon-home-2\"\n\t\t\t\t ><\/a>\t\n\t\t<h6 class=\"sc_services_item_title\"><a href=\"https:\/\/slonecznepoludnie.pl\/?page_id=266\">Indywidualna przestrze\u0144<\/a><\/h6>\n\t\t<div class=\"sc_services_item_subtitle\"><a href=\"https:\/\/slonecznepoludnie.pl\/?cpt_services_group=apartments\" title=\"View all posts in Apartments\">Apartments<\/a>, <a href=\"https:\/\/slonecznepoludnie.pl\/?cpt_services_group=interior\" title=\"View all posts in Interior\">Interior<\/a><\/div>\n\t<\/div>\n\t<\/div>\n<\/div><div class=\"trx_addons_column-1_3 \"><div class=\"sc_services_item without_content with_icon sc_services_item_featured_top\">\n\t<div class=\"sc_services_item_header\">\n\t\t<a href=\"https:\/\/slonecznepoludnie.pl\/?page_id=266\"\n\t\t\t\t id=\"sc_services_1364570957_icon-spin2\"\n\t\t\t\t class=\"sc_services_item_icon icon-spin2\"\n\t\t\t\t ><\/a>\t\n\t\t<h6 class=\"sc_services_item_title\"><a href=\"https:\/\/slonecznepoludnie.pl\/?page_id=266\">Pompa <br>ciep\u0142a<\/a><\/h6>\n\t\t<div class=\"sc_services_item_subtitle\"><a href=\"https:\/\/slonecznepoludnie.pl\/?cpt_services_group=interior\" title=\"View all posts in Interior\">Interior<\/a>, <a href=\"https:\/\/slonecznepoludnie.pl\/?cpt_services_group=process\" title=\"View all posts in Process\">Process<\/a><\/div>\n\t<\/div>\n\t<\/div>\n<\/div><div class=\"trx_addons_column-1_3 \"><div class=\"sc_services_item without_content with_icon sc_services_item_featured_top\">\n\t<div class=\"sc_services_item_header\">\n\t\t<a href=\"https:\/\/slonecznepoludnie.pl\/?page_id=266\"\n\t\t\t\t id=\"sc_services_1364570957_icon-parking\"\n\t\t\t\t class=\"sc_services_item_icon sc_icon_type_svg\"\n\t\t\t\t ><svg version=\"1.1\" id=\"Layer_1\" xmlns=\"http:\/\/www.w3.org\/2000\/svg\" xmlns:xlink=\"http:\/\/www.w3.org\/1999\/xlink\" x=\"0px\" y=\"0px\"\n\t width=\"500px\" height=\"500px\" viewBox=\"0 0 500 500\" enable-background=\"new 0 0 500 500\" xml:space=\"preserve\">\n<path stroke-width=\"25\" stroke-miterlimit=\"10\" d=\"M205.346,275.382h58.393\n\tc34.282,0,62.173-27.891,62.173-62.173c0-34.282-27.891-62.173-62.173-62.173h-58.65V355.84h0.257V275.382z\"\/>\n<rect x=\"14.5\" y=\"14.5\" stroke-width=\"25\" stroke-miterlimit=\"10\" width=\"473\" height=\"473\"\/>\n<rect x=\"82.768\" y=\"82.768\" stroke-width=\"25\" stroke-miterlimit=\"10\" width=\"336.463\" height=\"336.463\"\/>\n<\/svg><\/a>\t\n\t\t<h6 class=\"sc_services_item_title\"><a href=\"https:\/\/slonecznepoludnie.pl\/?page_id=266\">Przestronny gara\u017c<\/a><\/h6>\n\t\t<div class=\"sc_services_item_subtitle\"><a href=\"https:\/\/slonecznepoludnie.pl\/?cpt_services_group=apartments\" title=\"View all posts in Apartments\">Apartments<\/a>, <a href=\"https:\/\/slonecznepoludnie.pl\/?cpt_services_group=interior\" title=\"View all posts in Interior\">Interior<\/a><\/div>\n\t<\/div>\n\t<\/div>\n<\/div><div class=\"trx_addons_column-1_3 \"><div class=\"sc_services_item without_content with_icon sc_services_item_featured_top\">\n\t<div class=\"sc_services_item_header\">\n\t\t<a href=\"https:\/\/slonecznepoludnie.pl\/?page_id=266\"\n\t\t\t\t id=\"sc_services_1364570957_icon-modem\"\n\t\t\t\t class=\"sc_services_item_icon sc_icon_type_svg\"\n\t\t\t\t ><svg version=\"1.1\" id=\"Layer_1\" xmlns=\"http:\/\/www.w3.org\/2000\/svg\" xmlns:xlink=\"http:\/\/www.w3.org\/1999\/xlink\" x=\"0px\" y=\"0px\"\n\t width=\"500px\" height=\"500px\" viewBox=\"0 0 500 500\" enable-background=\"new 0 0 500 500\" xml:space=\"preserve\">\n<path stroke-width=\"25\" stroke-miterlimit=\"10\" d=\"M346.536,119.412\n\tc-53.23-53.23-139.843-53.23-193.073,0\"\/>\n<path stroke-width=\"25\" stroke-miterlimit=\"10\" d=\"M391.801,74.148\n\tC353.98,36.329,303.621,15.5,250,15.5c-53.622,0-103.981,20.829-141.8,58.648\"\/>\n<path stroke-width=\"25\" stroke-miterlimit=\"10\" d=\"M301.273,164.674\n\tc-13.679-13.679-31.887-21.211-51.273-21.211c-19.386,0-37.595,7.532-51.273,21.211\"\/>\n<polygon stroke-width=\"25\" stroke-miterlimit=\"10\" points=\"258.682,274.249 258.682,215.335 \n\t241.318,215.335 241.318,274.249 15.695,274.249 15.695,485.937 484.305,485.937 484.305,274.249 \"\/>\n<\/svg><\/a>\t\n\t\t<h6 class=\"sc_services_item_title\"><a href=\"https:\/\/slonecznepoludnie.pl\/?page_id=266\">System <br>BMS<\/a><\/h6>\n\t\t<div class=\"sc_services_item_subtitle\"><\/div>\n\t<\/div>\n\t<\/div>\n<\/div><\/div><\/div><!-- \/.sc_services -->[\/vc_column_inner][vc_column_inner width=&#8221;1\/6&#8243;][\/vc_column_inner][\/vc_row_inner][vc_empty_space height=&#8221;&#8221; alter_height=&#8221;large&#8221; hide_on_mobile=&#8221;&#8221;][\/vc_column][vc_column width=&#8221;1\/3&#8243;][\/vc_column][\/vc_row][vc_row full_width=&#8221;stretch_row&#8221; full_height=&#8221;yes&#8221; columns_placement=&#8221;top&#8221; scheme=&#8221;default&#8221; css=&#8221;.vc_custom_1600415072053{padding-bottom: 40px !important;background-image: url(https:\/\/slonecznepoludnie.pl\/wp-content\/uploads\/2020\/09\/mike-benna-SBiVq9eWEtQ-unsplash2.jpg?id=1321) !important;background-position: center !important;background-repeat: no-repeat !important;background-size: cover !important;}&#8221;][vc_column width=&#8221;1\/3&#8243;][\/vc_column][vc_column width=&#8221;2\/3&#8243;]<a id=\"sc_anchor_gmina\" class=\"sc_anchor sc_anchor_default\" \n\t\ttitle=\"GMINA KOBIERZYCE\" \n\t\tdata-icon=\"icon-map\" \n\t\tdata-url=\"\"\n><\/a>[vc_empty_space height=&#8221;&#8221; alter_height=&#8221;large&#8221; hide_on_mobile=&#8221;&#8221;]<div  id=\"sc_promo_1199866397\" \n\tclass=\"sc_promo sc_promo_default white-text  vc_custom_1600421117105 sc_promo_size_large sc_promo_no_paddings sc_promo_no_image\"><div class=\"sc_promo_text\" style=\"width: 100%;\">\n\t\t\t<div class=\"sc_promo_text_inner sc_align_left\" style=\"\"><h2 class=\"sc_item_title sc_promo_title sc_align_default sc_item_title_style_default\">MIESZKAJ W SAMYM SERCU GMINY KOBIERZYCE<\/h2><div class=\"sc_item_descr sc_promo_descr sc_align_default\">\u201eS\u0142oneczne Po\u0142udnie\u201d to kameralna inwestycja o niebanalnej architekturze i zaawansowanych technologicznie rozwi\u0105zaniach. Ka\u017cdy z 12 dwukondygnacyjnych dom\u00f3w w zabudowie bli\u017aniaczej, oferuje 170 m\u00b2 komfortowej powierzchni u\u017cytkowej, wraz z przynale\u017cn\u0105 dzia\u0142k\u0105 o powierzchni 375 m\u00b2.<\/div><\/div>\n\t\t<\/div><!-- \/.sc_promo_text --><\/div><!-- \/.sc_promo -->[vc_empty_space height=&#8221;&#8221; alter_height=&#8221;medium&#8221; hide_on_mobile=&#8221;&#8221;]<div class=\"sc_item_button sc_button_wrap sc_align_left\"><a href=\"https:\/\/slonecznepoludnie.pl\/?page_id=321\"\n\t id=\"sc_button_456001822\" \n\tclass=\"sc_button sc_button_default sc_button_size_small sc_button_icon_left\"\n\t\t><span class=\"sc_button_text sc_align_center\"><span class=\"sc_button_title\">WI\u0118CEJ &gt;<\/span><\/span><!-- \/.sc_button_text --><\/a><!-- \/.sc_button --><\/div><!-- \/.sc_item_button -->[\/vc_column][\/vc_row][vc_row full_width=&#8221;stretch_row_content_no_spaces&#8221; content_placement=&#8221;top&#8221; scheme=&#8221;side&#8221; css=&#8221;.vc_custom_1600415118355{padding-bottom: 20px !important;}&#8221;][vc_column width=&#8221;1\/2&#8243; scheme=&#8221;brown_side&#8221;][vc_empty_space height=&#8221;&#8221; alter_height=&#8221;large&#8221; hide_on_mobile=&#8221;&#8221;][vc_empty_space height=&#8221;&#8221; alter_height=&#8221;huge&#8221; hide_on_mobile=&#8221;1&#8243;][vc_column_text]<\/p>\n<h3 class=\"trx_addons_no_margins\" style=\"text-align: center;\">KONTAKT<\/h3>\n<p>[\/vc_column_text][vc_empty_space height=&#8221;25px&#8221; alter_height=&#8221;none&#8221; hide_on_mobile=&#8221;&#8221;]<div id=\"sc_content_1432761142\"\n\t\tclass=\"sc_content sc_content_default  vc_custom_1524131002243\"><div class=\"sc_content_container\">[vc_column_text]<\/p>\n<p style=\"text-align: center;\">Zapraszamy do kontaktu w celu przedstawienia oferty oraz um\u00f3wienia prezentacji.<\/p>\n<p>[\/vc_column_text]<\/div><\/div><!-- \/.sc_content -->[vc_empty_space height=&#8221;&#8221; hide_on_mobile=&#8221;&#8221;]<div id=\"sc_content_294473933\"\n\t\tclass=\"sc_content sc_content_default sc_align_center  vc_custom_1524130337822\"><div class=\"sc_content_container\">[vc_column_text]<\/p>\n<p style=\"text-align: center;\"><strong><span class=\"trx_addons_dark\">S\u0141ONECZNE PO\u0141UDNIE<\/span><\/strong><\/p>\n<p>ul. Czere\u015bniowa<br \/>\n55-040 Ksi\u0119ginice<br \/>\nGmina Kobierzyce<br \/>\n<span lang=\"EN-US\"><a href=\"tel:+48%C2%A0609%C2%A0397%20616\" target=\"_blank\" rel=\"noopener noreferrer\">+48\u00a0609\u00a0397 616<\/a><\/span><b><span lang=\"EN-US\"><br \/>\n<\/span><\/b><span lang=\"EN-US\"><a href=\"mailto: sprzedaz@slonecznepoludnie.pl\">sprzedaz@slonecznepoludnie.pl<\/a><\/span><\/p>\n<p style=\"text-align: center;\"><strong><span class=\"trx_addons_dark\">DEWELOPER<\/span><\/strong><\/p>\n<p>Uniblok Sp. z o.o. Sp. k.<br \/>\nul. Na Grobli 6<br \/>\n50-421 Wroc\u0142aw<br \/>\n<a href=\"tel:+48 71 726 00 05\">+48 71 726 00 05<\/a><br \/>\n<a href=\"mailto:biuro@uniblok.pl\">biuro@uniblok.pl<\/a>[\/vc_column_text]<\/div><\/div><!-- \/.sc_content -->[\/vc_column][vc_column width=&#8221;1\/2&#8243;]<a id=\"sc_anchor_kontakt\" class=\"sc_anchor sc_anchor_default\" \n\t\ttitle=\"KONTAKT\" \n\t\tdata-icon=\"icon-email\" \n\t\tdata-url=\"\"\n><\/a><div id=\"sc_googlemap_1103333466_wrap\" class=\"sc_googlemap_wrap\"><div id=\"sc_googlemap_1103333466\"\n\t\t\tclass=\"sc_googlemap sc_googlemap_default  vc_custom_1603209733883\"\n\t\t\t style=\"width:100%;height:94vh;\"\t\t\tdata-zoom=\"12\"\n\t\t\tdata-style=\"dark\"\n\t\t\t><iframe\n\t\t\t\t\tsrc=\"https:\/\/maps.google.com\/maps?t=m&output=embed&iwloc=near&z=12&q=Czere%C5%9Bniowa%2C+Ksi%C4%99ginice\"\n\t\t\t\t\taria-label=\"S\u0142oneczne Po\u0142udnie\"><\/iframe><\/div><\/div><!-- \/.sc_googlemap_wrap -->[\/vc_column][\/vc_row]<\/p>\n","protected":false},"excerpt":{"rendered":"<p>[vc_row full_height=&#8221;yes&#8221;][vc_column][vc_empty_space height=&#8221;&#8221; alter_height=&#8221;small&#8221; hide_on_mobile=&#8221;&#8221;][vc_empty_space height=&#8221;&#8221; alter_height=&#8221;large&#8221; hide_on_mobile=&#8221;&#8221;][\/vc_column][\/vc_row][vc_row full_width=&#8221;stretch_row&#8221; full_height=&#8221;yes&#8221; css=&#8221;.vc_custom_1600284506002{background-image: url(https:\/\/slonecznepoludnie.pl\/wp-content\/uploads\/2020\/09\/HOME_TECHNOLOGIA.jpg?id=1154) !important;background-position: center !important;background-repeat: no-repeat !important;background-size: cover !important;}&#8221;][vc_column width=&#8221;2\/3&#8243;][vc_empty_space height=&#8221;&#8221; alter_height=&#8221;large&#8221; hide_on_mobile=&#8221;&#8221;][vc_empty_space height=&#8221;&#8221; alter_height=&#8221;small&#8221; hide_on_mobile=&#8221;&#8221;][vc_row_inner][vc_column_inner width=&#8221;5\/6&#8243;][\/vc_column_inner][vc_column_inner width=&#8221;1\/6&#8243;][\/vc_column_inner][\/vc_row_inner][vc_empty_space height=&#8221;&#8221; alter_height=&#8221;large&#8221; hide_on_mobile=&#8221;&#8221;][\/vc_column][vc_column width=&#8221;1\/3&#8243;][\/vc_column][\/vc_row][vc_row full_width=&#8221;stretch_row&#8221; full_height=&#8221;yes&#8221; columns_placement=&#8221;top&#8221; scheme=&#8221;default&#8221; css=&#8221;.vc_custom_1600415072053{padding-bottom: 40px !important;background-image: url(https:\/\/slonecznepoludnie.pl\/wp-content\/uploads\/2020\/09\/mike-benna-SBiVq9eWEtQ-unsplash2.jpg?id=1321) !important;background-position: center !important;background-repeat: no-repeat !important;background-size: cover !important;}&#8221;][vc_column width=&#8221;1\/3&#8243;][\/vc_column][vc_column width=&#8221;2\/3&#8243;][vc_empty_space height=&#8221;&#8221; alter_height=&#8221;large&#8221; hide_on_mobile=&#8221;&#8221;][vc_empty_space height=&#8221;&#8221; alter_height=&#8221;medium&#8221; hide_on_mobile=&#8221;&#8221;][\/vc_column][\/vc_row][vc_row full_width=&#8221;stretch_row_content_no_spaces&#8221; content_placement=&#8221;top&#8221; scheme=&#8221;side&#8221; css=&#8221;.vc_custom_1600415118355{padding-bottom: 20px&hellip;<\/p>\n","protected":false},"author":1,"featured_media":0,"parent":0,"menu_order":0,"comment_status":"closed","ping_status":"closed","template":"","meta":[],"_links":{"self":[{"href":"https:\/\/slonecznepoludnie.pl\/index.php?rest_route=\/wp\/v2\/pages\/10"}],"collection":[{"href":"https:\/\/slonecznepoludnie.pl\/index.php?rest_route=\/wp\/v2\/pages"}],"about":[{"href":"https:\/\/slonecznepoludnie.pl\/index.php?rest_route=\/wp\/v2\/types\/page"}],"author":[{"embeddable":true,"href":"https:\/\/slonecznepoludnie.pl\/index.php?rest_route=\/wp\/v2\/users\/1"}],"replies":[{"embeddable":true,"href":"https:\/\/slonecznepoludnie.pl\/index.php?rest_route=%2Fwp%2Fv2%2Fcomments&post=10"}],"version-history":[{"count":50,"href":"https:\/\/slonecznepoludnie.pl\/index.php?rest_route=\/wp\/v2\/pages\/10\/revisions"}],"predecessor-version":[{"id":1525,"href":"https:\/\/slonecznepoludnie.pl\/index.php?rest_route=\/wp\/v2\/pages\/10\/revisions\/1525"}],"wp:attachment":[{"href":"https:\/\/slonecznepoludnie.pl\/index.php?rest_route=%2Fwp%2Fv2%2Fmedia&parent=10"}],"curies":[{"name":"wp","href":"https:\/\/api.w.org\/{rel}","templated":true}]}}